{"id":8,"date":"2021-10-19T17:15:46","date_gmt":"2021-10-19T17:15:46","guid":{"rendered":"https:\/\/amglogistics.mx\/?page_id=8"},"modified":"2021-10-21T18:46:23","modified_gmt":"2021-10-21T18:46:23","slug":"home","status":"publish","type":"page","link":"https:\/\/amglogistics.mx\/","title":{"rendered":"AMG Global Logistics"},"content":{"rendered":"\n<p>Transporte en caja seca o refrigerada . Rutas nacionales , EUA y Canad\u00e1 . Importaciones y exportaciones terrestres , mar\u00edtimas y a\u00e9reas .<\/p>\n","protected":false},"excerpt":{"rendered":"<p>Transporte en caja seca o refrigerada . Rutas nacionales , EUA y Canad\u00e1 . Importaciones y exportaciones terrestres , mar\u00edtimas y a\u00e9reas .<\/p>\n","protected":false},"author":1,"featured_media":0,"parent":0,"menu_order":0,"comment_status":"closed","ping_status":"closed","template":"","meta":{"_vp_format_video_url":"","_vp_image_focal_point":[]},"_links":{"self":[{"href":"https:\/\/amglogistics.mx\/index.php?rest_route=\/wp\/v2\/pages\/8"}],"collection":[{"href":"https:\/\/amglogistics.mx\/index.php?rest_route=\/wp\/v2\/pages"}],"about":[{"href":"https:\/\/amglogistics.mx\/index.php?rest_route=\/wp\/v2\/types\/page"}],"author":[{"embeddable":true,"href":"https:\/\/amglogistics.mx\/index.php?rest_route=\/wp\/v2\/users\/1"}],"replies":[{"embeddable":true,"href":"https:\/\/amglogistics.mx\/index.php?rest_route=%2Fwp%2Fv2%2Fcomments&post=8"}],"version-history":[{"count":2,"href":"https:\/\/amglogistics.mx\/index.php?rest_route=\/wp\/v2\/pages\/8\/revisions"}],"predecessor-version":[{"id":41,"href":"https:\/\/amglogistics.mx\/index.php?rest_route=\/wp\/v2\/pages\/8\/revisions\/41"}],"wp:attachment":[{"href":"https:\/\/amglogistics.mx\/index.php?rest_route=%2Fwp%2Fv2%2Fmedia&parent=8"}],"curies":[{"name":"wp","href":"https:\/\/api.w.org\/{rel}","templated":true}]}}